{"id":25,"date":"2024-01-10T14:27:38","date_gmt":"2024-01-10T14:27:38","guid":{"rendered":"https:\/\/www.ctg-cr.com\/?page_id=25"},"modified":"2025-09-20T23:18:11","modified_gmt":"2025-09-20T23:18:11","slug":"verificacion-de-gases-de-efecto-invernadero","status":"publish","type":"page","link":"https:\/\/www.ctg-cr.com\/index.php\/servicios\/verificacion-de-gases-de-efecto-invernadero\/","title":{"rendered":"Verificaci\u00f3n de Gases de Efecto Invernadero"},"content":{"rendered":"<h4>Informaci\u00f3n del Proceso de Verificaci\u00f3n (<a href=\"https:\/\/www.ctg-cr.com\/wp-content\/uploads\/2024\/01\/Diagrama-de-Flujo-Proceso-de-Verificacion.pdf\" target=\"_blank\" rel=\"noopener\">Diagrama de Flujo- Proceso Verificaci\u00f3n<\/a>)<\/h4>\n<h4>CTG brinda los servicios de verificaci\u00f3n de GEI en los siguientes sectores:<\/h4>\n<ol style=\"text-align: justify;\">\n<li style=\"padding-top: 10px !important;\">L\u00ednea base\/Procesos generales <strong>(sector acreditado)<\/strong>.<\/li>\n<li style=\"padding-top: 10px !important;\">Procesos Industriales con emisiones de proceso <strong>(sector acreditado) <\/strong>\n<ol>Subsectores:<\/p>\n<li style=\"list-style-type: none;\">\n<ul style=\"margin: -10px 0 0 !important;\">\n<li>Alimentos y bebidas<\/li>\n<\/ul>\n<\/li>\n<\/ol>\n<\/li>\n<li style=\"padding-top: 10px !important;\">Agricultura <strong>(sector acreditado)<\/strong>.\n<ol>Subsectores:<\/p>\n<li style=\"list-style-type: none;\">\n<ul style=\"margin: -10px 0 0 !important;\">\n<li>Fermentaci\u00f3n ent\u00e9rica<\/li>\n<li>Manejo de esti\u00e9rcol<\/li>\n<li>Suelos agr\u00edcolas\/ tierras de cultivos<\/li>\n<li>Cultivos (irrigados, pantano\/ anegados, temporales)<\/li>\n<li>Quemas de cultivos (programadas o de residuos)<\/li>\n<\/ul>\n<\/li>\n<\/ol>\n<\/li>\n<li style=\"padding-top: 10px !important;\">Residuos <strong>(sector acreditado)<\/strong>.\n<ol>Subsectores:<\/p>\n<li style=\"list-style-type: none;\">\n<ul style=\"margin: -10px 0 0 !important;\">\n<li>Aguas residuales dom\u00e9sticas, municipales, industriales<\/li>\n<li>Compostaje de residuos (todo tipo de residuos).<\/li>\n<\/ul>\n<\/li>\n<\/ol>\n<\/li>\n<li style=\"padding-top: 10px !important;\">Uso de suelo, cambio de uso de suelo y silvicultura<strong> (sector acreditado)<\/strong>.\n<ol>Subsectores:<\/p>\n<li style=\"list-style-type: none;\">\n<ul style=\"margin: -10px 0 0 !important;\">\n<li>Tierras forestales (reforestaci\u00f3n, deforestaci\u00f3n, aforestaci\u00f3n)<\/li>\n<\/ul>\n<\/li>\n<\/ol>\n<\/li>\n<\/ol>\n<h4>Ver alcance de acreditaci\u00f3n: <strong>(<a href=\"https:\/\/www.ctg-cr.com\/wp-content\/uploads\/Alcance-OVV-005-CTG.pdf\" target=\"_blank\" rel=\"noopener\">Alcance de acreditaci\u00f3n-CTG<\/a>)<\/strong><\/h4>\n<p>A partir del diciembre del 2020 logramos obtener la acreditaci\u00f3n otorgada por el <strong><em>Ente Costarricense de Acreditaci\u00f3n (ECA)<\/em><\/strong>, puede verificar esta informaci\u00f3n en el siguiente enlace.\u00a0 <a href=\"https:\/\/eca.or.cr\/oec\/ctg-certificaciones-tecnicas-globales-ltda\/\">https:\/\/eca.or.cr\/oec\/ctg-certificaciones-tecnicas-globales-ltda\/<\/a><\/p>\n<p>El ECA, tiene sus reconocimientos a nivel internacional, ya que es parte de los Foros Internacionales de Acreditaci\u00f3n, puede verificar esta informaci\u00f3n en el siguiente enlace: <a href=\"https:\/\/eca.or.cr\/foros-internacionales\/\">https:\/\/eca.or.cr\/foros-internacionales\/<\/a><\/p>\n<h4>Los servicios de verificaci\u00f3n de GEI brindados por CTG son los siguientes:<\/h4>\n<ol style=\"text-align: justify;\">\n<li style=\"padding-top: 0px;\"><strong>Verificaci\u00f3n de Inventarios de GEI<\/strong>, bajos los siguientes criterios:\n<ul style=\"margin: 0px 0 0 !important;\">\n<li>INTE-ISO 14064-1 Gases de efecto invernadero: Especificaci\u00f3n con orientaci\u00f3n, a nivel de las organizaciones, para la<br \/>\ncuantificaci\u00f3n y el informe de las emisiones y remociones de gases de efecto invernadero.<\/li>\n<li>Programa Pa\u00eds Carbono Neutralidad 2.0 (aplica solo para Costa Rica).<\/li>\n<\/ul>\n<\/li>\n<li style=\"padding-top: 20px;\"><strong>Verificaci\u00f3n de Carbono Neutralidad de Organizaciones<\/strong>, bajos los siguientes criterios:\n<ul style=\"margin: 0px 0 0 !important;\">\n<li>INTE B5 Norma para demostrar la Carbono neutralidad. Requisitos.<\/li>\n<li>INTE-ISO 14064-1 Gases de efecto invernadero: especificaci\u00f3n con orientaci\u00f3n, a nivel de las organizaciones, para la cuantificaci\u00f3n<br \/>\ny el informe de las emisiones y remociones de gases de efecto invernadero.<\/li>\n<li>Programa Pa\u00eds Carbono Neutralidad 2.0 Categor\u00eda Organizacional (aplica solo para Costa Rica).<\/li>\n<\/ul>\n<\/li>\n<li style=\"padding-top: 20px;\"><strong>Verificaci\u00f3n de Inventario de GEI y\/o Carbono Neutralidad<\/strong>, bajos los siguientes criterios:\n<ul style=\"margin: 0px 0 0 !important;\">\n<li>INTE-ISO 14064-1 Gases de efecto invernadero: especificaci\u00f3n con orientaci\u00f3n, a nivel de las organizaciones, para la<br \/>\ncuantificaci\u00f3n y el informe de las emisiones y remociones de gases de efecto invernadero.<\/li>\n<li>INTE B5 Norma para demostrar la Carbono neutralidad. Requisitos.<\/li>\n<li>CTG-PRO-17 Procedimiento de Criterios de Verificaci\u00f3n de CTG.<\/li>\n<\/ul>\n<\/li>\n<\/ol>\n","protected":false},"excerpt":{"rendered":"<p>Informaci\u00f3n del Proceso de Verificaci\u00f3n (Diagrama de Flujo- Proceso Verificaci\u00f3n) CTG brinda los servicios de verificaci\u00f3n de GEI en los siguientes sectores: L\u00ednea base\/Procesos generales (sector acreditado). Procesos Industriales con emisiones de proceso (sector acreditado) Subsectores: Alimentos y bebidas Agricultura (sector acreditado). Subsectores: Fermentaci\u00f3n ent\u00e9rica Manejo de esti\u00e9rcol Suelos agr\u00edcolas\/ tierras de cultivos Cultivos (irrigados, [&hellip;]<\/p>\n","protected":false},"author":1,"featured_media":0,"parent":19,"menu_order":0,"comment_status":"closed","ping_status":"closed","template":"","meta":{"footnotes":""},"class_list":["post-25","page","type-page","status-publish","hentry","post"],"_links":{"self":[{"href":"https:\/\/www.ctg-cr.com\/index.php\/wp-json\/wp\/v2\/pages\/25","targetHints":{"allow":["GET"]}}],"collection":[{"href":"https:\/\/www.ctg-cr.com\/index.php\/wp-json\/wp\/v2\/pages"}],"about":[{"href":"https:\/\/www.ctg-cr.com\/index.php\/wp-json\/wp\/v2\/types\/page"}],"author":[{"embeddable":true,"href":"https:\/\/www.ctg-cr.com\/index.php\/wp-json\/wp\/v2\/users\/1"}],"replies":[{"embeddable":true,"href":"https:\/\/www.ctg-cr.com\/index.php\/wp-json\/wp\/v2\/comments?post=25"}],"version-history":[{"count":25,"href":"https:\/\/www.ctg-cr.com\/index.php\/wp-json\/wp\/v2\/pages\/25\/revisions"}],"predecessor-version":[{"id":264,"href":"https:\/\/www.ctg-cr.com\/index.php\/wp-json\/wp\/v2\/pages\/25\/revisions\/264"}],"up":[{"embeddable":true,"href":"https:\/\/www.ctg-cr.com\/index.php\/wp-json\/wp\/v2\/pages\/19"}],"wp:attachment":[{"href":"https:\/\/www.ctg-cr.com\/index.php\/wp-json\/wp\/v2\/media?parent=25"}],"curies":[{"name":"wp","href":"https:\/\/api.w.org\/{rel}","templated":true}]}}