{"id":56,"date":"2024-01-10T14:39:32","date_gmt":"2024-01-10T14:39:32","guid":{"rendered":"https:\/\/www.ctg-cr.com\/?page_id=56"},"modified":"2026-02-19T00:33:56","modified_gmt":"2026-02-19T00:33:56","slug":"nuestros-clientes","status":"publish","type":"page","link":"https:\/\/www.ctg-cr.com\/index.php\/nuestros-clientes\/","title":{"rendered":"Clientes que han confiado en nosotros"},"content":{"rendered":"<p><!--\n\n\n<p style=\"padding-bottom: 15px\"><span data-mce-type=\"bookmark\" style=\"display: inline-block; width: 0px; overflow: hidden; line-height: 0;\" class=\"mce_SELRES_start\"><\/span> <input id=\"myInput\" type=\"text\" placeholder=\"Buscar por nombre de cliente\" \/><\/p>\n\n\n--><\/p>\n<table id=\"myTable\" style=\"font-size: 12px;\">\n<tbody>\n<tr class=\"header\">\n<th style=\"width: 100%; color: #fefefe; background-color: #037875; text-align: center !important;\">Clientes Verificados<\/th>\n<\/tr>\n<tr>\n<td style=\"text-align: center !important;\">YIRE MEDICA HP S.A.<\/td>\n<\/tr>\n<tr>\n<td style=\"text-align: center !important;\">ESTABLISHMENT LABS S.A.<\/td>\n<\/tr>\n<tr>\n<td style=\"text-align: center !important;\">IMPORTADORA MORA Y AGUILAR S.A.<\/td>\n<\/tr>\n<tr>\n<td style=\"text-align: center !important;\">CONDOMINIO PARQUE EMPRESARIAL FORUM<\/td>\n<\/tr>\n<tr>\n<td style=\"text-align: center !important;\">BANCO PROMERICA DE COSTA RICA S. A.<\/td>\n<\/tr>\n<tr>\n<td style=\"text-align: center !important;\">PRODUCTOS FLORIDA S.A.<\/td>\n<\/tr>\n<tr>\n<td style=\"text-align: center !important;\">DISTRIBUIDORA CAF\u00c9 MONTA\u00d1A S.A.<\/td>\n<\/tr>\n<tr>\n<td style=\"text-align: center !important;\">INGENIER\u00cdA T\u00c9CNICA DE PROYECTOS ITP S.A.<\/td>\n<\/tr>\n<tr>\n<td style=\"text-align: center !important;\">Cooperativa de Ahorro y Cr\u00e9dito de la Comunidad de Ciudad<br \/>\nQuesada R.L.<\/td>\n<\/tr>\n<tr>\n<td style=\"text-align: center !important;\">CAFETALERA DE TIERRAS TICAS SOCIEDAD ANONIMA<\/td>\n<\/tr>\n<tr>\n<td style=\"text-align: center !important;\">RECAUCHADORA REMI S.A.<\/td>\n<\/tr>\n<tr>\n<td style=\"text-align: center !important;\">ALIMENTOS KAMUK INTERNACIONAL (COSTA RICA) S.A.<\/td>\n<\/tr>\n<tr>\n<td style=\"text-align: center !important;\">LLANTAS DEL PAC\u00cdFICO S.A.<\/td>\n<\/tr>\n<tr>\n<td style=\"text-align: center !important;\">CALOX de Costa Rica S.A. y CALOX Comercial S.A.<\/td>\n<\/tr>\n<tr>\n<td style=\"text-align: center !important;\">Instituto Interamericano de Cooperaci\u00f3n para la Agricultura<br \/>\n(IICA-Sede Central, Representaci\u00f3n Costa Rica)<\/td>\n<\/tr>\n<tr>\n<td style=\"text-align: center !important;\">EL PELON DE LA BAJURA SOCIEDAD ANONIMA<\/td>\n<\/tr>\n<tr>\n<td style=\"text-align: center !important;\">ICU MEDICAL COSTA RICA LTDA.<\/td>\n<\/tr>\n<tr>\n<td style=\"text-align: center !important;\">MTS MULTISERVICIOS DE COSTA RICA S.A.<\/td>\n<\/tr>\n<tr>\n<td style=\"text-align: center !important;\">FERRER CENTROAMERICA Y CARIBE S.A.<\/td>\n<\/tr>\n<tr>\n<td style=\"text-align: center !important;\">CODE DEVELOPMENT GROUP S.A.<\/td>\n<\/tr>\n<tr>\n<td style=\"text-align: center !important;\">CONSTRUCTORA MECO S.A.<\/td>\n<\/tr>\n<tr>\n<td style=\"text-align: center !important;\">GRUPO CORPORATIVO DE SEGURIDAD ALFA S. A.<\/td>\n<\/tr>\n<tr>\n<td style=\"text-align: center !important;\">\u00d3PTICA VISI\u00d3N LIMITADA.<\/td>\n<\/tr>\n<tr>\n<td style=\"text-align: center !important;\">Agr\u00edcola el C\u00e1ntaro S.A.<\/td>\n<\/tr>\n<tr>\n<td style=\"text-align: center !important;\">FARMAGRO SOCIEDAD ANONIMA<\/td>\n<\/tr>\n<tr>\n<td style=\"text-align: center !important;\">BENEFICIO DE CAF\u00c9 INLOHER S. de R.L.<\/td>\n<\/tr>\n<\/tbody>\n<\/table>\n","protected":false},"excerpt":{"rendered":"<p>Clientes Verificados YIRE MEDICA HP S.A. ESTABLISHMENT LABS S.A. IMPORTADORA MORA Y AGUILAR S.A. CONDOMINIO PARQUE EMPRESARIAL FORUM BANCO PROMERICA DE COSTA RICA S. A. PRODUCTOS FLORIDA S.A. DISTRIBUIDORA CAF\u00c9 MONTA\u00d1A S.A. INGENIER\u00cdA T\u00c9CNICA DE PROYECTOS ITP S.A. Cooperativa de Ahorro y Cr\u00e9dito de la Comunidad de Ciudad Quesada R.L. CAFETALERA DE TIERRAS TICAS SOCIEDAD [&hellip;]<\/p>\n","protected":false},"author":1,"featured_media":0,"parent":0,"menu_order":0,"comment_status":"closed","ping_status":"closed","template":"templates\/template-full-notitle.php","meta":{"footnotes":""},"class_list":["post-56","page","type-page","status-publish","hentry","post"],"_links":{"self":[{"href":"https:\/\/www.ctg-cr.com\/index.php\/wp-json\/wp\/v2\/pages\/56","targetHints":{"allow":["GET"]}}],"collection":[{"href":"https:\/\/www.ctg-cr.com\/index.php\/wp-json\/wp\/v2\/pages"}],"about":[{"href":"https:\/\/www.ctg-cr.com\/index.php\/wp-json\/wp\/v2\/types\/page"}],"author":[{"embeddable":true,"href":"https:\/\/www.ctg-cr.com\/index.php\/wp-json\/wp\/v2\/users\/1"}],"replies":[{"embeddable":true,"href":"https:\/\/www.ctg-cr.com\/index.php\/wp-json\/wp\/v2\/comments?post=56"}],"version-history":[{"count":30,"href":"https:\/\/www.ctg-cr.com\/index.php\/wp-json\/wp\/v2\/pages\/56\/revisions"}],"predecessor-version":[{"id":273,"href":"https:\/\/www.ctg-cr.com\/index.php\/wp-json\/wp\/v2\/pages\/56\/revisions\/273"}],"wp:attachment":[{"href":"https:\/\/www.ctg-cr.com\/index.php\/wp-json\/wp\/v2\/media?parent=56"}],"curies":[{"name":"wp","href":"https:\/\/api.w.org\/{rel}","templated":true}]}}